{"id":82,"date":"2020-06-03T20:55:10","date_gmt":"2020-06-03T17:55:10","guid":{"rendered":"http:\/\/demo.safirtema.com\/rota\/?page_id=82"},"modified":"2025-02-15T14:53:46","modified_gmt":"2025-02-15T11:53:46","slug":"a-propos-de-nous","status":"publish","type":"page","link":"https:\/\/mussangroup.com\/fr\/a-propos-de-nous\/","title":{"rendered":"\u00c0 propos de nous"},"content":{"rendered":"\r\n<figure class=\"wp-block-image size-large is-resized is-style-default\"><img decoding=\"async\" loading=\"lazy\" class=\"wp-image-314\" src=\"http:\/\/mussanmachine.com\/wp-content\/uploads\/2021\/02\/mussan-group.jpg\" alt=\"\" width=\"868\" height=\"434\" \/><\/figure>\r\n\r\n\r\n\r\n<div class=\"wp-block-safirtema-mainheading mainHeading\">\r\n<div class=\"inner\">\r\n<div class=\"icon safiricon icon9\">\u00a0<\/div>\r\n<div class=\"text\">MUSSAN GROUP MACHINER\u0130E<\/div>\r\n<\/div>\r\n<\/div>\r\n\r\n\r\n\r\n<p><strong><strong>MUSSAN GROUP MACHINER\u0130E SOCI\u00c9T\u00c9 D&#8217;IMPORT EXPORT FABR\u0130CAT\u0130ON ET LIMITED COMMERCE \u00a0\u00a0<\/strong><\/strong><\/p>\r\n\r\n\r\n\r\n<p>MUSSAN GROUP est une compagnie issue d\u2019un partenariat entre\u00a0 \u00a0et Sinan Baysal, ing\u00e9nieur civil.<\/p>\r\n\r\n\r\n\r\n<p>\u00a0<strong>Pour produire des machines ax\u00e9es sur la satisfaction du client conform\u00e9ment aux normes internationales et livrer \u00e0 temps sans sacrifier la qualit\u00e9 du produit, <\/strong>Sinan Baysal partenaire de Baysal Construction qui est l&#8217;une des principales entreprises de construction \u00e0 Trabzon, en partenariat avec\u00a0 MUSSAN GROUP MAK\u0130NA \u0130THALAT \u0130HRACAT SAN. T\u0130C LTD. vont\u00a0 cr\u00e9er une seule entreprise.<\/p>\r\n\r\n\r\n\r\n<p>MUSSAN GROUP a commenc\u00e9 ses activit\u00e9s avec des machines \u00e0 briquettes \/ pav\u00e9s et moules, et poursuit sa production avec des machines et moules d&#8217;injection, une centrale \u00e0 b\u00e9ton, des machines et \u00e9quipements de malaxage de mortier, des machines \u00e0 tuyaux en b\u00e9ton et des \u00e9quipements auxiliaires.<\/p>\r\n\r\n\r\n\r\n<p>Avec son personnel dynamique, exp\u00e9riment\u00e9, ax\u00e9 sur le client et expert, nous apportons la technologie au secteur des machines et de toutes les installations et machines que nous vendons, une structure de carrosserie solide, un travail sans probl\u00e8me et en s\u00e9rie, les derniers \u00e9quipements technologiques, un travail qualifi\u00e9 et exp\u00e9riment\u00e9. La satisfaction du client est adopt\u00e9e comme une condition immuable avec un support technique durable.<\/p>\r\n\r\n\r\n\r\n<p>Pour nos clients, nous concevons la meilleure qualit\u00e9 des machines sur le march\u00e9 avec des prix abordables et une longue dur\u00e9e de vie.<\/p>\r\n\r\n\r\n\r\n<div class=\"wp-block-safirtema-mainheading mainHeading\">\r\n<div class=\"inner\">\r\n<div class=\"icon safiricon icon35\">\u00a0<\/div>\r\n<div class=\"text\">Votre partenaire de solution<\/div>\r\n<\/div>\r\n<\/div>\r\n\r\n\r\n\r\n<ul>\r\n<li>Nous sommes \u00e0 vos c\u00f4t\u00e9s avec des ventes de parpaings-pav\u00e9-ponce et de centrales \u00e0 b\u00e9ton et un support technique en Turquie et \u00e0 l&#8217;\u00e9tranger.<\/li>\r\n<li>Nous sommes toujours pr\u00eats avant et apr\u00e8s la vente avec nos repr\u00e9sentants commerciaux exp\u00e9riment\u00e9s en anglais, arabe, fran\u00e7ais et g\u00e9orgien.<\/li>\r\n<\/ul>\r\n\r\n\r\n\r\n<div class=\"wp-block-safirtema-mainheading mainHeading\">\r\n<div class=\"inner\">\r\n<div class=\"icon safiricon icon10\">\u00a0<\/div>\r\n<div class=\"text\">Repr\u00e9sentants<\/div>\r\n<\/div>\r\n<\/div>\r\n\r\n\r\n\r\n<figure class=\"is-layout-flex wp-block-gallery-1 wp-block-gallery columns-3 is-cropped\">\r\n<ul class=\"blocks-gallery-grid\">\r\n<li class=\"blocks-gallery-item\">\r\n<figure><img decoding=\"async\" class=\"wp-image-465\" src=\"https:\/\/fr.mussanmachine.com\/wp-content\/uploads\/2021\/02\/bahar-768x1024.jpg\" alt=\"\" data-id=\"465\" data-full-url=\"https:\/\/fr.mussanmachine.com\/wp-content\/uploads\/2021\/02\/bahar-scaled.jpg\" data-link=\"https:\/\/fr.mussanmachine.com\/nos-representants\/bahar\/\" \/>\r\n<figcaption class=\"blocks-gallery-item__caption\">Veysel Turgun<\/figcaption>\r\n<\/figure>\r\n<\/li>\r\n<li class=\"blocks-gallery-item\">\r\n<figure><img decoding=\"async\" class=\"wp-image-463\" src=\"https:\/\/fr.mussanmachine.com\/wp-content\/uploads\/2021\/02\/safa-768x1024.jpg\" alt=\"\" data-id=\"463\" data-full-url=\"https:\/\/fr.mussanmachine.com\/wp-content\/uploads\/2021\/02\/safa-scaled.jpg\" data-link=\"https:\/\/fr.mussanmachine.com\/nos-representants\/safa\/\" \/>\r\n<figcaption class=\"blocks-gallery-item__caption\">Cansel Sen<\/figcaption>\r\n<\/figure>\r\n<\/li>\r\n<li class=\"blocks-gallery-item\">\r\n<figure><img decoding=\"async\" class=\"wp-image-461\" src=\"https:\/\/fr.mussanmachine.com\/wp-content\/uploads\/2021\/02\/hasan-768x1024.jpg\" alt=\"\" data-id=\"461\" data-full-url=\"https:\/\/fr.mussanmachine.com\/wp-content\/uploads\/2021\/02\/hasan-scaled.jpg\" data-link=\"https:\/\/fr.mussanmachine.com\/nos-representants\/hasan\/\" \/>\r\n<figcaption class=\"blocks-gallery-item__caption\">Cansel \u015een<\/figcaption>\r\n<\/figure>\r\n<\/li>\r\n<li class=\"blocks-gallery-item\">\r\n<figure><img decoding=\"async\" class=\"wp-image-456\" src=\"https:\/\/fr.mussanmachine.com\/wp-content\/uploads\/2021\/02\/Hikma-768x1024.jpg\" alt=\"\" data-id=\"456\" data-full-url=\"https:\/\/fr.mussanmachine.com\/wp-content\/uploads\/2021\/02\/Hikma-scaled.jpg\" data-link=\"https:\/\/fr.mussanmachine.com\/nos-representants\/hikma\/\" \/>\r\n<figcaption class=\"blocks-gallery-item__caption\">Veysel Turgun<\/figcaption>\r\n<\/figure>\r\n<\/li>\r\n<li class=\"blocks-gallery-item\">\r\n<figure><img decoding=\"async\" class=\"wp-image-454\" src=\"https:\/\/fr.mussanmachine.com\/wp-content\/uploads\/2021\/02\/Feyrouz-768x1024.jpg\" alt=\"\" data-id=\"454\" data-full-url=\"https:\/\/fr.mussanmachine.com\/wp-content\/uploads\/2021\/02\/Feyrouz-scaled.jpg\" data-link=\"https:\/\/fr.mussanmachine.com\/nos-representants\/feyrouz\/\" \/>\r\n<figcaption class=\"blocks-gallery-item__caption\">Cansel \u015een<\/figcaption>\r\n<\/figure>\r\n<\/li>\r\n<li class=\"blocks-gallery-item\">\r\n<figure><img decoding=\"async\" class=\"wp-image-451\" src=\"https:\/\/fr.mussanmachine.com\/wp-content\/uploads\/2021\/02\/natia-768x1024.jpg\" alt=\"\" data-id=\"451\" data-full-url=\"https:\/\/fr.mussanmachine.com\/wp-content\/uploads\/2021\/02\/natia-scaled.jpg\" data-link=\"https:\/\/fr.mussanmachine.com\/nos-representants\/natia\/\" \/>\r\n<figcaption class=\"blocks-gallery-item__caption\">Sinan Baysal<\/figcaption>\r\n<\/figure>\r\n<\/li>\r\n<\/ul>\r\n<\/figure>\r\n\r\n\r\n\r\n<div class=\"wp-block-safirtema-mainheading mainHeading\">\r\n<div class=\"inner\">\r\n<div class=\"icon safiricon icon1\">\u00a0<\/div>\r\n<div class=\"text\">Vos questions<\/div>\r\n<\/div>\r\n<\/div>\r\n\r\n\r\n\r\n<div class=\"wp-block-safirtema-sorucevap safir-faq\">\r\n<div class=\"question\">\r\n<div class=\"icon\">\u00a0<\/div>\r\n<span class=\"text\">Puis-je passer une commande sans venir en Turquie?<\/span>\r\n<div class=\"openclose\">\u00a0<\/div>\r\n<\/div>\r\n<p class=\"answer\">Vous pouvez commander le mod\u00e8le et l&#8217;installation de votre choix sans vous d\u00e9placer en Turquie.<\/p>\r\n<\/div>\r\n\r\n\r\n\r\n<div class=\"wp-block-safirtema-sorucevap safir-faq\">\r\n<div class=\"question\">\r\n<div class=\"icon\">\u00a0<\/div>\r\n<span class=\"text\">Comment puis-je passer une commande ?<\/span>\r\n<div class=\"openclose\">\u00a0<\/div>\r\n<\/div>\r\n<p class=\"answer\">Vous pouvez d\u00e9marrer le processus de commande en payant 40% du prix de la machine que vous choisissez. Nous signons mutuellement nos contrats en d\u00e9fendant les deux c\u00f4t\u00e9s afin d&#8217;avoir une confiance mutuelle.Ces contrats sont \u00e9galement approuv\u00e9s par le notaire si vous le demandez.<\/p>\r\n<\/div>\r\n\r\n\r\n\r\n<div class=\"wp-block-safirtema-sorucevap safir-faq\">\r\n<div class=\"question\">\r\n<div class=\"icon\">\u00a0<\/div>\r\n<span class=\"text\">Les prix comprennent-ils les frais de transport?<\/span>\r\n<div class=\"openclose\">\u00a0<\/div>\r\n<\/div>\r\n<p class=\"answer\">Nos prix sont \u00e0 la sortie de l&#8217;usine.c&#8217;est \u00e0 dire Ex Works (EXW).<\/p>\r\n<\/div>\r\n\r\n\r\n\r\n<div class=\"wp-block-safirtema-sorucevap safir-faq\">\r\n<div class=\"question\">\r\n<div class=\"icon\">\u00a0<\/div>\r\n<span class=\"text\">Vos prix incluent-ils la TVA?<\/span>\r\n<div class=\"openclose\">\u00a0<\/div>\r\n<\/div>\r\n<p class=\"answer\">La TVA n&#8217;est pas incluse dans nos prix. Si vous envisagez d&#8217;exporter, nous pouvons \u00e9mettre vos factures en tant qu&#8217;export enregistr\u00e9.<\/p>\r\n<\/div>\r\n\r\n\r\n\r\n<div class=\"wp-block-safirtema-sorucevap safir-faq\">\r\n<div class=\"question\">\r\n<div class=\"icon\">\u00a0<\/div>\r\n<span class=\"text\">Quand ma machine sera-t-elle livr\u00e9e? <\/span>\r\n<div class=\"openclose\">\u00a0<\/div>\r\n<\/div>\r\n<p class=\"answer\">Le d\u00e9lai de livraison de notre machine varie entre 30 et 60 jours ouvrables selon l&#8217;\u00e9tat de l&#8217;usine. Avant que la commande ne soit initi\u00e9e, nous vous communiquons la date de livraison pr\u00e9vue.<\/p>\r\n<\/div>\r\n\r\n\r\n\r\n<div class=\"wp-block-safirtema-sorucevap safir-faq\">\r\n<div class=\"question\">\r\n<div class=\"icon\">\u00a0<\/div>\r\n<span class=\"text\">Quelle est la dur\u00e9e de garantie ?<\/span>\r\n<div class=\"openclose\">\u00a0<\/div>\r\n<\/div>\r\n<p class=\"answer\">Notre dur\u00e9e de garantie est de 2 (deux) ans. Nous fournissons un support technique illimit\u00e9 pour les machines que nous produisons.<\/p>\r\n<\/div>\r\n\r\n\r\n\r\n<div class=\"wp-block-safirtema-sorucevap safir-faq\">\r\n<div class=\"question\">\r\n<div class=\"icon\">\u00a0<\/div>\r\n<span class=\"text\">\u00c0 qui appartiennent les frais d&#8217;installation de la machine?<\/span>\r\n<div class=\"openclose\">\u00a0<\/div>\r\n<\/div>\r\n<p class=\"answer\">Les frais d&#8217;installation de la machine nous appartiennent, vous ne prenez en charge que les frais de d\u00e9placement, d&#8217;h\u00e9bergement et de restauration de l&#8217;\u00e9quipe entrante.<\/p>\r\n<\/div>\r\n\r\n\r\n\r\n<div class=\"wp-block-safirtema-sorucevap safir-faq\">\r\n<div class=\"question\">\r\n<div class=\"icon\">\u00a0<\/div>\r\n<span class=\"text\">Offrez-vous une formation sur l&#8217;utilisation des machines? <\/span>\r\n<div class=\"openclose\">\u00a0<\/div>\r\n<\/div>\r\n<p class=\"answer\">L&#8217;\u00e9quipe qui vient \u00e0 l&#8217;installation de la machine fournit les informations n\u00e9cessaires sur son utilisation. Pour nos produits ne n\u00e9cessitant pas d&#8217;installation, une vid\u00e9o du travail est prise dans notre usine et les informations n\u00e9cessaires sont fournies \u00e0 l&#8217;acheteur.<\/p>\r\n<\/div>\r\n\r\n\r\n\r\n<div class=\"wp-block-safirtema-sorucevap safir-faq\">\r\n<div class=\"question\">\r\n<div class=\"icon\">\u00a0<\/div>\r\n<span class=\"text\">Donnez-vous en concession ?<\/span>\r\n<div class=\"openclose\">\u00a0<\/div>\r\n<\/div>\r\n<p class=\"answer\">Pour nos entrepreneurs qui envisagent de devenir notre concessionnaire, nous proposons nos machines \u00e0 un prix d&#8217;achat en gros aux prix de fabrication. Apr\u00e8s cet achat, vous pouvez effectuer des ventes \u00e0 l&#8217;\u00e9tranger sous notre soci\u00e9t\u00e9.<\/p>\r\n<\/div>\r\n\r\n\r\n\r\n<p>Le premier des principaux objectifs de notre soci\u00e9t\u00e9 est d&#8217;assurer la satisfaction du client \u00e0 100% dans tous les processus pendant la vente, la production et l&#8217;apr\u00e8s-vente de machine de Briquets -pav\u00e9 et machine de fonce . Ainsi, nous essayons de fournir \u00e0 nos clients un environnement de production de qualit\u00e9.<\/p>\r\n\r\n\r\n\r\n<p>Notre soci\u00e9t\u00e9 vise \u00e0 atteindre nos clients nationaux en 24 heures et nos clients \u00e9trangers en 72 heures avec une r\u00e9ponse rapide\u00a0 et un service de pi\u00e8ces de rechange suffisant.<\/p>\r\n\r\n\r\n\r\n<div class=\"is-layout-flex wp-container-5 wp-block-columns\">\r\n<div class=\"is-layout-flow wp-block-column\">\r\n<div class=\"wp-block-safirtema-mainheading mainHeading\">\r\n<div class=\"inner\">\r\n<div class=\"icon safiricon icon7\">\u00a0<\/div>\r\n<div class=\"text\">Notre mission<\/div>\r\n<\/div>\r\n<\/div>\r\n\r\n\r\n\r\n<p>En tant que principal fabricant de machines \u00e0 parpaings du secteur, avec les efforts de ses ing\u00e9nieurs et de son personnel qualifi\u00e9, il maintient sa philosophie de production qui r\u00e9pond pleinement aux attentes des clients avec une qualit\u00e9 sup\u00e9rieure et des prix abordables, et se renouvelle et s&#8217;am\u00e9liore et am\u00e9liore ses produits constamment gr\u00e2ce \u00e0 ses connaissances et ses exp\u00e9riences.<\/p>\r\n<\/div>\r\n\r\n\r\n\r\n<div class=\"is-layout-flow wp-block-column\">\r\n<div class=\"wp-block-safirtema-mainheading mainHeading\">\r\n<div class=\"inner\">\r\n<div class=\"icon safiricon icon3\">\u00a0<\/div>\r\n<div class=\"text\">Notre vision<\/div>\r\n<\/div>\r\n<\/div>\r\n\r\n\r\n\r\n<p>Mussan Group r\u00e9alise son objectif d&#8217;identifier et de r\u00e9pondre pr\u00e9cis\u00e9ment aux besoins de ses clients en proposant des solutions personnalisables. Il garantit l&#8217;utilisation la plus efficace des investissements avec des installations de production de blocs de b\u00e9ton adapt\u00e9es \u00e0 chaque capacit\u00e9 et besoin. Pr\u00e9sent dans plus de vingt pays, Mussan Group a pour objectif de faire conna\u00eetre son nom dans le monde avec ses produits et services qui vont au-del\u00e0 des attentes de ses clients<\/p>\r\n<\/div>\r\n<\/div>\r\n","protected":false},"excerpt":{"rendered":"<p>MUSSAN GROUP MACHINER\u0130E SOCI\u00c9T\u00c9 D&#8217;IMPORT EXPORT FABR\u0130CAT\u0130ON ET LIMITED COMMERCE \u00a0\u00a0 MUSSAN GROUP est une compagnie issue d\u2019un partenariat entre\u00a0 \u00a0et Sinan Baysal, ing\u00e9nieur civil. \u00a0Pour produire des machines ax\u00e9es sur la satisfaction du client conform\u00e9ment aux normes internationales et livrer \u00e0 temps sans sacrifier la qualit\u00e9 du produit, Sinan Baysal partenaire de Baysal Construction [&hellip;]<\/p>\n","protected":false},"author":1,"featured_media":0,"parent":0,"menu_order":0,"comment_status":"closed","ping_status":"closed","template":"","meta":[],"aioseo_notices":[],"_links":{"self":[{"href":"https:\/\/mussangroup.com\/fr\/wp-json\/wp\/v2\/pages\/82"}],"collection":[{"href":"https:\/\/mussangroup.com\/fr\/wp-json\/wp\/v2\/pages"}],"about":[{"href":"https:\/\/mussangroup.com\/fr\/wp-json\/wp\/v2\/types\/page"}],"author":[{"embeddable":true,"href":"https:\/\/mussangroup.com\/fr\/wp-json\/wp\/v2\/users\/1"}],"replies":[{"embeddable":true,"href":"https:\/\/mussangroup.com\/fr\/wp-json\/wp\/v2\/comments?post=82"}],"version-history":[{"count":12,"href":"https:\/\/mussangroup.com\/fr\/wp-json\/wp\/v2\/pages\/82\/revisions"}],"predecessor-version":[{"id":1136,"href":"https:\/\/mussangroup.com\/fr\/wp-json\/wp\/v2\/pages\/82\/revisions\/1136"}],"wp:attachment":[{"href":"https:\/\/mussangroup.com\/fr\/wp-json\/wp\/v2\/media?parent=82"}],"curies":[{"name":"wp","href":"https:\/\/api.w.org\/{rel}","templated":true}]}}